{"id":30,"date":"2024-08-29T12:53:38","date_gmt":"2024-08-29T12:53:38","guid":{"rendered":"https:\/\/resolutions.com.pl\/home\/"},"modified":"2024-09-21T17:15:52","modified_gmt":"2024-09-21T17:15:52","slug":"home","status":"publish","type":"page","link":"https:\/\/resolutions.com.pl\/en\/","title":{"rendered":"Home"},"content":{"rendered":"<div data-elementor-type=\"wp-page\" data-elementor-id=\"30\" class=\"elementor elementor-30\">\n\t\t\t\t<div class=\"elementor-element elementor-element-93a966b e-flex e-con-boxed e-con e-parent\" data-id=\"93a966b\" data-element_type=\"container\" data-settings=\"{&quot;background_background&quot;:&quot;classic&quot;}\">\n\t\t\t\t\t<div class=\"e-con-inner\">\n\t\t<div class=\"elementor-element elementor-element-018abcf e-con-full e-flex e-con e-child\" data-id=\"018abcf\" data-element_type=\"container\">\n\t\t\t\t<div class=\"elementor-element elementor-element-5435236 elementor-widget elementor-widget-image\" data-id=\"5435236\" data-element_type=\"widget\" data-widget_type=\"image.default\">\n\t\t\t\t<div class=\"elementor-widget-container\">\n\t\t\t\t\t\t\t\t\t\t\t\t\t\t\t<img fetchpriority=\"high\" decoding=\"async\" width=\"1024\" height=\"558\" src=\"https:\/\/resolutions.com.pl\/wp-content\/uploads\/2024\/09\/biale_pionsamo-1024x558.png\" class=\"attachment-large size-large wp-image-1169\" alt=\"\" srcset=\"https:\/\/resolutions.com.pl\/wp-content\/uploads\/2024\/09\/biale_pionsamo-1024x558.png 1024w, https:\/\/resolutions.com.pl\/wp-content\/uploads\/2024\/09\/biale_pionsamo-300x164.png 300w, https:\/\/resolutions.com.pl\/wp-content\/uploads\/2024\/09\/biale_pionsamo-768x419.png 768w, https:\/\/resolutions.com.pl\/wp-content\/uploads\/2024\/09\/biale_pionsamo-18x10.png 18w, https:\/\/resolutions.com.pl\/wp-content\/uploads\/2024\/09\/biale_pionsamo.png 1500w\" sizes=\"(max-width: 1024px) 100vw, 1024px\" \/>\t\t\t\t\t\t\t\t\t\t\t\t\t\t\t<\/div>\n\t\t\t\t<\/div>\n\t\t\t\t<div class=\"elementor-element elementor-element-5c57b7f elementor-widget elementor-widget-heading\" data-id=\"5c57b7f\" data-element_type=\"widget\" data-widget_type=\"heading.default\">\n\t\t\t\t<div class=\"elementor-widget-container\">\n\t\t\t\t\t<h1 class=\"elementor-heading-title elementor-size-default\">Real Estate Solutions<\/h1>\t\t\t\t<\/div>\n\t\t\t\t<\/div>\n\t\t\t\t<div class=\"elementor-element elementor-element-97ab914 elementor-widget elementor-widget-heading\" data-id=\"97ab914\" data-element_type=\"widget\" data-widget_type=\"heading.default\">\n\t\t\t\t<div class=\"elementor-widget-container\">\n\t\t\t\t\t<h2 class=\"elementor-heading-title elementor-size-default\">RE SOLUTIONS real estate management<\/h2>\t\t\t\t<\/div>\n\t\t\t\t<\/div>\n\t\t\t\t<div class=\"elementor-element elementor-element-992dcfa elementor-widget elementor-widget-heading\" data-id=\"992dcfa\" data-element_type=\"widget\" data-widget_type=\"heading.default\">\n\t\t\t\t<div class=\"elementor-widget-container\">\n\t\t\t\t\t<h1 class=\"elementor-heading-title elementor-size-default\">We will find a solution for all your commercial real estate needs<\/h1>\t\t\t\t<\/div>\n\t\t\t\t<\/div>\n\t\t\t\t<\/div>\n\t\t\t\t\t<\/div>\n\t\t\t\t<\/div>\n\t\t<div class=\"elementor-element elementor-element-1a002b9 e-flex e-con-boxed e-con e-parent\" data-id=\"1a002b9\" data-element_type=\"container\">\n\t\t\t\t\t<div class=\"e-con-inner\">\n\t\t<div class=\"elementor-element elementor-element-ce43116 e-con-full e-flex e-con e-child\" data-id=\"ce43116\" data-element_type=\"container\">\n\t\t\t\t<div class=\"elementor-element elementor-element-8566738 elementor-widget elementor-widget-heading\" data-id=\"8566738\" data-element_type=\"widget\" data-widget_type=\"heading.default\">\n\t\t\t\t<div class=\"elementor-widget-container\">\n\t\t\t\t\t<h2 class=\"elementor-heading-title elementor-size-default\">About Us<\/h2>\t\t\t\t<\/div>\n\t\t\t\t<\/div>\n\t\t\t\t<\/div>\n\t\t<div class=\"elementor-element elementor-element-28eea66 e-con-full e-flex e-con e-child\" data-id=\"28eea66\" data-element_type=\"container\">\n\t\t\t\t<div class=\"elementor-element elementor-element-5d60743 elementor-widget elementor-widget-text-editor\" data-id=\"5d60743\" data-element_type=\"widget\" data-widget_type=\"text-editor.default\">\n\t\t\t\t<div class=\"elementor-widget-container\">\n\t\t\t\t\t\t\t\t\t<p>RE SOLUTIONS offers professional property management services, consulting and brokerage services in the field of commercial real estate. We are a team of qualified specialists who have the knowledge and experience needed to provide the best quality of services. Our goal is to provide our clients with peace of mind and maximum value for their properties. Time pressure, assistance in making decisions that are best for your organization are the conditions in which we thrive best. We are not theoreticians, but practitioners with extensive experience in working in demanding conditions.<\/p>\t\t\t\t\t\t\t\t<\/div>\n\t\t\t\t<\/div>\n\t\t\t\t<div class=\"elementor-element elementor-element-ff97a21 elementor-tablet-align-center elementor-widget elementor-widget-button\" data-id=\"ff97a21\" data-element_type=\"widget\" data-widget_type=\"button.default\">\n\t\t\t\t<div class=\"elementor-widget-container\">\n\t\t\t\t\t\t\t\t\t<div class=\"elementor-button-wrapper\">\n\t\t\t\t\t<a class=\"elementor-button elementor-button-link elementor-size-sm\" href=\"https:\/\/resolutions.com.pl\/en\/onas\/\">\n\t\t\t\t\t\t<span class=\"elementor-button-content-wrapper\">\n\t\t\t\t\t\t\t\t\t<span class=\"elementor-button-text\">read more<\/span>\n\t\t\t\t\t<\/span>\n\t\t\t\t\t<\/a>\n\t\t\t\t<\/div>\n\t\t\t\t\t\t\t\t<\/div>\n\t\t\t\t<\/div>\n\t\t\t\t<\/div>\n\t\t\t\t\t<\/div>\n\t\t\t\t<\/div>\n\t\t\t\t<\/div>","protected":false},"excerpt":{"rendered":"<p>Real Estate Solutions RE SOLUTIONS zarz\u0105dzanie nieruchomo\u015bciami Znajdziemy rozwi\u0105zanie na wszystkie potrzeby zwi\u0105zane z nieruchomo\u015bciami komercyjnymi O NAS Firma RE SOLUTIONS oferuje profesjonalne us\u0142ugi zarz\u0105dzania nieruchomo\u015bciami, doradztwo oraz us\u0142ugi po\u015brednictwa w zakresie nieruchomo\u015bci komercyjnych. Jeste\u015bmy zespo\u0142em wykwalifikowanych specjalist\u00f3w, kt\u00f3rzy posiadaj\u0105 wiedz\u0119 i do\u015bwiadczenie potrzebne do zapewnienia najlepszej jako\u015bci us\u0142ug. Naszym celem jest zapewnienie naszym klientom [&hellip;]<\/p>","protected":false},"author":1,"featured_media":0,"parent":0,"menu_order":0,"comment_status":"closed","ping_status":"closed","template":"","meta":{"site-sidebar-layout":"no-sidebar","site-content-layout":"page-builder","ast-site-content-layout":"full-width-container","site-content-style":"unboxed","site-sidebar-style":"default","ast-global-header-display":"","ast-banner-title-visibility":"","ast-main-header-display":"","ast-hfb-above-header-display":"","ast-hfb-below-header-display":"","ast-hfb-mobile-header-display":"","site-post-title":"disabled","ast-breadcrumbs-content":"","ast-featured-img":"","footer-sml-layout":"","ast-disable-related-posts":"","theme-transparent-header-meta":"enabled","adv-header-id-meta":"","stick-header-meta":"","header-above-stick-meta":"","header-main-stick-meta":"","header-below-stick-meta":"","astra-migrate-meta-layouts":"set","ast-page-background-enabled":"default","ast-page-background-meta":{"desktop":{"background-color":"","background-image":"","background-repeat":"repeat","background-position":"center center","background-size":"auto","background-attachment":"scroll","background-type":"","background-media":"","overlay-type":"","overlay-color":"","overlay-opacity":"","overlay-gradient":""},"tablet":{"background-color":"","background-image":"","background-repeat":"repeat","background-position":"center center","background-size":"auto","background-attachment":"scroll","background-type":"","background-media":"","overlay-type":"","overlay-color":"","overlay-opacity":"","overlay-gradient":""},"mobile":{"background-color":"","background-image":"","background-repeat":"repeat","background-position":"center center","background-size":"auto","background-attachment":"scroll","background-type":"","background-media":"","overlay-type":"","overlay-color":"","overlay-opacity":"","overlay-gradient":""}},"ast-content-background-meta":{"desktop":{"background-color":"var(--ast-global-color-5)","background-image":"","background-repeat":"repeat","background-position":"center center","background-size":"auto","background-attachment":"scroll","background-type":"","background-media":"","overlay-type":"","overlay-color":"","overlay-opacity":"","overlay-gradient":""},"tablet":{"background-color":"var(--ast-global-color-5)","background-image":"","background-repeat":"repeat","background-position":"center center","background-size":"auto","background-attachment":"scroll","background-type":"","background-media":"","overlay-type":"","overlay-color":"","overlay-opacity":"","overlay-gradient":""},"mobile":{"background-color":"var(--ast-global-color-5)","background-image":"","background-repeat":"repeat","background-position":"center center","background-size":"auto","background-attachment":"scroll","background-type":"","background-media":"","overlay-type":"","overlay-color":"","overlay-opacity":"","overlay-gradient":""}},"footnotes":""},"class_list":["post-30","page","type-page","status-publish","hentry"],"yoast_head":"<!-- This site is optimized with the Yoast SEO plugin v26.7 - https:\/\/yoast.com\/wordpress\/plugins\/seo\/ -->\n<title>RE SOLUTIONS<\/title>\n<meta name=\"description\" content=\"Firma RE SOLUTIONS oferuje profesjonalne us\u0142ugi: zarz\u0105dzanie nieruchomo\u015bciami, doradztwo, us\u0142ugi po\u015brednictwa - nieruchomo\u015bci komercyjne.\" \/>\n<meta name=\"robots\" content=\"index, follow, max-snippet:-1, max-image-preview:large, max-video-preview:-1\" \/>\n<link rel=\"canonical\" href=\"https:\/\/resolutions.com.pl\/en\/\" \/>\n<meta property=\"og:locale\" content=\"en_US\" \/>\n<meta property=\"og:type\" content=\"article\" \/>\n<meta property=\"og:title\" content=\"RE SOLUTIONS\" \/>\n<meta property=\"og:description\" content=\"Firma RE SOLUTIONS oferuje profesjonalne us\u0142ugi: zarz\u0105dzanie nieruchomo\u015bciami, doradztwo, us\u0142ugi po\u015brednictwa - nieruchomo\u015bci komercyjne.\" \/>\n<meta property=\"og:url\" content=\"https:\/\/resolutions.com.pl\/en\/\" \/>\n<meta property=\"og:site_name\" content=\"RE SOLUTIONS\" \/>\n<meta property=\"article:modified_time\" content=\"2024-09-21T17:15:52+00:00\" \/>\n<meta property=\"og:image\" content=\"https:\/\/resolutions.com.pl\/wp-content\/uploads\/2024\/09\/biale_pionsamo-1024x558.png\" \/>\n<meta name=\"twitter:card\" content=\"summary_large_image\" \/>\n<meta name=\"twitter:label1\" content=\"Est. reading time\" \/>\n\t<meta name=\"twitter:data1\" content=\"1 minute\" \/>\n<script type=\"application\/ld+json\" class=\"yoast-schema-graph\">{\"@context\":\"https:\/\/schema.org\",\"@graph\":[{\"@type\":\"WebPage\",\"@id\":\"https:\/\/resolutions.com.pl\/\",\"url\":\"https:\/\/resolutions.com.pl\/\",\"name\":\"RE SOLUTIONS\",\"isPartOf\":{\"@id\":\"https:\/\/resolutions.com.pl\/#website\"},\"primaryImageOfPage\":{\"@id\":\"https:\/\/resolutions.com.pl\/#primaryimage\"},\"image\":{\"@id\":\"https:\/\/resolutions.com.pl\/#primaryimage\"},\"thumbnailUrl\":\"https:\/\/resolutions.com.pl\/wp-content\/uploads\/2024\/09\/biale_pionsamo-1024x558.png\",\"datePublished\":\"2024-08-29T12:53:38+00:00\",\"dateModified\":\"2024-09-21T17:15:52+00:00\",\"description\":\"Firma RE SOLUTIONS oferuje profesjonalne us\u0142ugi: zarz\u0105dzanie nieruchomo\u015bciami, doradztwo, us\u0142ugi po\u015brednictwa - nieruchomo\u015bci komercyjne.\",\"breadcrumb\":{\"@id\":\"https:\/\/resolutions.com.pl\/#breadcrumb\"},\"inLanguage\":\"en-US\",\"potentialAction\":[{\"@type\":\"ReadAction\",\"target\":[\"https:\/\/resolutions.com.pl\/\"]}]},{\"@type\":\"ImageObject\",\"inLanguage\":\"en-US\",\"@id\":\"https:\/\/resolutions.com.pl\/#primaryimage\",\"url\":\"https:\/\/resolutions.com.pl\/wp-content\/uploads\/2024\/09\/biale_pionsamo-1024x558.png\",\"contentUrl\":\"https:\/\/resolutions.com.pl\/wp-content\/uploads\/2024\/09\/biale_pionsamo-1024x558.png\"},{\"@type\":\"BreadcrumbList\",\"@id\":\"https:\/\/resolutions.com.pl\/#breadcrumb\",\"itemListElement\":[{\"@type\":\"ListItem\",\"position\":1,\"name\":\"Home\",\"item\":\"https:\/\/resolutions.com.pl\/\"},{\"@type\":\"ListItem\",\"position\":2,\"name\":\"Home\"}]},{\"@type\":\"WebSite\",\"@id\":\"https:\/\/resolutions.com.pl\/#website\",\"url\":\"https:\/\/resolutions.com.pl\/\",\"name\":\"RE SOLUTIONS\",\"description\":\"\",\"publisher\":{\"@id\":\"https:\/\/resolutions.com.pl\/#organization\"},\"potentialAction\":[{\"@type\":\"SearchAction\",\"target\":{\"@type\":\"EntryPoint\",\"urlTemplate\":\"https:\/\/resolutions.com.pl\/?s={search_term_string}\"},\"query-input\":{\"@type\":\"PropertyValueSpecification\",\"valueRequired\":true,\"valueName\":\"search_term_string\"}}],\"inLanguage\":\"en-US\"},{\"@type\":\"Organization\",\"@id\":\"https:\/\/resolutions.com.pl\/#organization\",\"name\":\"RE SOLUTIONS\",\"url\":\"https:\/\/resolutions.com.pl\/\",\"logo\":{\"@type\":\"ImageObject\",\"inLanguage\":\"en-US\",\"@id\":\"https:\/\/resolutions.com.pl\/#\/schema\/logo\/image\/\",\"url\":\"https:\/\/resolutions.com.pl\/wp-content\/uploads\/2024\/08\/cropped-cropped-logo.png\",\"contentUrl\":\"https:\/\/resolutions.com.pl\/wp-content\/uploads\/2024\/08\/cropped-cropped-logo.png\",\"width\":512,\"height\":286,\"caption\":\"RE SOLUTIONS\"},\"image\":{\"@id\":\"https:\/\/resolutions.com.pl\/#\/schema\/logo\/image\/\"}}]}<\/script>\n<!-- \/ Yoast SEO plugin. -->","yoast_head_json":{"title":"RE SOLUTIONS","description":"Firma RE SOLUTIONS oferuje profesjonalne us\u0142ugi: zarz\u0105dzanie nieruchomo\u015bciami, doradztwo, us\u0142ugi po\u015brednictwa - nieruchomo\u015bci komercyjne.","robots":{"index":"index","follow":"follow","max-snippet":"max-snippet:-1","max-image-preview":"max-image-preview:large","max-video-preview":"max-video-preview:-1"},"canonical":"https:\/\/resolutions.com.pl\/en\/","og_locale":"en_US","og_type":"article","og_title":"RE SOLUTIONS","og_description":"Firma RE SOLUTIONS oferuje profesjonalne us\u0142ugi: zarz\u0105dzanie nieruchomo\u015bciami, doradztwo, us\u0142ugi po\u015brednictwa - nieruchomo\u015bci komercyjne.","og_url":"https:\/\/resolutions.com.pl\/en\/","og_site_name":"RE SOLUTIONS","article_modified_time":"2024-09-21T17:15:52+00:00","og_image":[{"url":"https:\/\/resolutions.com.pl\/wp-content\/uploads\/2024\/09\/biale_pionsamo-1024x558.png","type":"","width":"","height":""}],"twitter_card":"summary_large_image","twitter_misc":{"Est. reading time":"1 minute"},"schema":{"@context":"https:\/\/schema.org","@graph":[{"@type":"WebPage","@id":"https:\/\/resolutions.com.pl\/","url":"https:\/\/resolutions.com.pl\/","name":"RE SOLUTIONS","isPartOf":{"@id":"https:\/\/resolutions.com.pl\/#website"},"primaryImageOfPage":{"@id":"https:\/\/resolutions.com.pl\/#primaryimage"},"image":{"@id":"https:\/\/resolutions.com.pl\/#primaryimage"},"thumbnailUrl":"https:\/\/resolutions.com.pl\/wp-content\/uploads\/2024\/09\/biale_pionsamo-1024x558.png","datePublished":"2024-08-29T12:53:38+00:00","dateModified":"2024-09-21T17:15:52+00:00","description":"Firma RE SOLUTIONS oferuje profesjonalne us\u0142ugi: zarz\u0105dzanie nieruchomo\u015bciami, doradztwo, us\u0142ugi po\u015brednictwa - nieruchomo\u015bci komercyjne.","breadcrumb":{"@id":"https:\/\/resolutions.com.pl\/#breadcrumb"},"inLanguage":"en-US","potentialAction":[{"@type":"ReadAction","target":["https:\/\/resolutions.com.pl\/"]}]},{"@type":"ImageObject","inLanguage":"en-US","@id":"https:\/\/resolutions.com.pl\/#primaryimage","url":"https:\/\/resolutions.com.pl\/wp-content\/uploads\/2024\/09\/biale_pionsamo-1024x558.png","contentUrl":"https:\/\/resolutions.com.pl\/wp-content\/uploads\/2024\/09\/biale_pionsamo-1024x558.png"},{"@type":"BreadcrumbList","@id":"https:\/\/resolutions.com.pl\/#breadcrumb","itemListElement":[{"@type":"ListItem","position":1,"name":"Home","item":"https:\/\/resolutions.com.pl\/"},{"@type":"ListItem","position":2,"name":"Home"}]},{"@type":"WebSite","@id":"https:\/\/resolutions.com.pl\/#website","url":"https:\/\/resolutions.com.pl\/","name":"RE SOLUTIONS","description":"","publisher":{"@id":"https:\/\/resolutions.com.pl\/#organization"},"potentialAction":[{"@type":"SearchAction","target":{"@type":"EntryPoint","urlTemplate":"https:\/\/resolutions.com.pl\/?s={search_term_string}"},"query-input":{"@type":"PropertyValueSpecification","valueRequired":true,"valueName":"search_term_string"}}],"inLanguage":"en-US"},{"@type":"Organization","@id":"https:\/\/resolutions.com.pl\/#organization","name":"RE SOLUTIONS","url":"https:\/\/resolutions.com.pl\/","logo":{"@type":"ImageObject","inLanguage":"en-US","@id":"https:\/\/resolutions.com.pl\/#\/schema\/logo\/image\/","url":"https:\/\/resolutions.com.pl\/wp-content\/uploads\/2024\/08\/cropped-cropped-logo.png","contentUrl":"https:\/\/resolutions.com.pl\/wp-content\/uploads\/2024\/08\/cropped-cropped-logo.png","width":512,"height":286,"caption":"RE SOLUTIONS"},"image":{"@id":"https:\/\/resolutions.com.pl\/#\/schema\/logo\/image\/"}}]}},"_links":{"self":[{"href":"https:\/\/resolutions.com.pl\/en\/wp-json\/wp\/v2\/pages\/30","targetHints":{"allow":["GET"]}}],"collection":[{"href":"https:\/\/resolutions.com.pl\/en\/wp-json\/wp\/v2\/pages"}],"about":[{"href":"https:\/\/resolutions.com.pl\/en\/wp-json\/wp\/v2\/types\/page"}],"author":[{"embeddable":true,"href":"https:\/\/resolutions.com.pl\/en\/wp-json\/wp\/v2\/users\/1"}],"replies":[{"embeddable":true,"href":"https:\/\/resolutions.com.pl\/en\/wp-json\/wp\/v2\/comments?post=30"}],"version-history":[{"count":163,"href":"https:\/\/resolutions.com.pl\/en\/wp-json\/wp\/v2\/pages\/30\/revisions"}],"predecessor-version":[{"id":1515,"href":"https:\/\/resolutions.com.pl\/en\/wp-json\/wp\/v2\/pages\/30\/revisions\/1515"}],"wp:attachment":[{"href":"https:\/\/resolutions.com.pl\/en\/wp-json\/wp\/v2\/media?parent=30"}],"curies":[{"name":"wp","href":"https:\/\/api.w.org\/{rel}","templated":true}]}}